{"id":13,"date":"2018-02-18T07:24:38","date_gmt":"2018-02-18T07:24:38","guid":{"rendered":"http:\/\/urunler.kirmizielma.com\/?page_id=13"},"modified":"2023-07-22T10:53:02","modified_gmt":"2023-07-22T10:53:02","slug":"hakkimizda","status":"publish","type":"page","link":"https:\/\/kirmizielma.com\/?page_id=13","title":{"rendered":"Hakk\u0131m\u0131zda"},"content":{"rendered":"<p>[vc_row][vc_column width=&#8221;2\/3&#8243;][vc_column_text]\u015eirketimiz\u00a0 2003\u00a0 senesinde\u00a0 kurulmu\u015ftur . 2017\u00a0 senesinden itibaren , hobi\u00a0 boyalar\u0131,yap\u0131\u015ft\u0131r\u0131c\u0131lar, r\u00f6lyef pastalar,kara tahta boyas\u0131, multi surface akrilik boyalar\u0131 ,3D\u00a0 boya, dogal kil\u00a0 ve\u00a0 pastel\u00a0 boyalar\u0131\u00a0 \u00fcretmektedir. \u00dcr\u00fcnlerimiz\u00a0 su\u00a0 bazl\u0131\u00a0 ve\u00a0 EN71\u00a0 uygundur.[\/vc_column_text][\/vc_column][vc_column width=&#8221;1\/3&#8243;][\/vc_column][\/vc_row]<\/p>\n","protected":false},"excerpt":{"rendered":"<p>[vc_row][vc_column width=&#8221;2\/3&#8243;][vc_column_text]\u015eirketimiz\u00a0 2003\u00a0 senesinde\u00a0 kurulmu\u015ftur . 2017\u00a0 senesinden itibaren , hobi\u00a0 boyalar\u0131,yap\u0131\u015ft\u0131r\u0131c\u0131lar, r\u00f6lyef pastalar,kara tahta boyas\u0131, multi surface akrilik boyalar\u0131 ,3D\u00a0 boya, dogal kil\u00a0 ve\u00a0 pastel\u00a0 boyalar\u0131\u00a0 \u00fcretmektedir. \u00dcr\u00fcnlerimiz\u00a0 su\u00a0 bazl\u0131\u00a0 ve\u00a0 EN71\u00a0 uygundur.[\/vc_column_text][\/vc_column][vc_column width=&#8221;1\/3&#8243;][\/vc_column][\/vc_row]<\/p>\n","protected":false},"author":1,"featured_media":0,"parent":0,"menu_order":2,"comment_status":"closed","ping_status":"closed","template":"","meta":{"footnotes":""},"class_list":["post-13","page","type-page","status-publish","hentry"],"jetpack_sharing_enabled":true,"_links":{"self":[{"href":"https:\/\/kirmizielma.com\/index.php?rest_route=\/wp\/v2\/pages\/13","targetHints":{"allow":["GET"]}}],"collection":[{"href":"https:\/\/kirmizielma.com\/index.php?rest_route=\/wp\/v2\/pages"}],"about":[{"href":"https:\/\/kirmizielma.com\/index.php?rest_route=\/wp\/v2\/types\/page"}],"author":[{"embeddable":true,"href":"https:\/\/kirmizielma.com\/index.php?rest_route=\/wp\/v2\/users\/1"}],"replies":[{"embeddable":true,"href":"https:\/\/kirmizielma.com\/index.php?rest_route=%2Fwp%2Fv2%2Fcomments&post=13"}],"version-history":[{"count":23,"href":"https:\/\/kirmizielma.com\/index.php?rest_route=\/wp\/v2\/pages\/13\/revisions"}],"predecessor-version":[{"id":4253,"href":"https:\/\/kirmizielma.com\/index.php?rest_route=\/wp\/v2\/pages\/13\/revisions\/4253"}],"wp:attachment":[{"href":"https:\/\/kirmizielma.com\/index.php?rest_route=%2Fwp%2Fv2%2Fmedia&parent=13"}],"curies":[{"name":"wp","href":"https:\/\/api.w.org\/{rel}","templated":true}]}}