{"id":22,"date":"2018-02-18T07:26:12","date_gmt":"2018-02-18T07:26:12","guid":{"rendered":"http:\/\/urunler.kirmizielma.com\/?page_id=22"},"modified":"2019-02-08T09:49:04","modified_gmt":"2019-02-08T09:49:04","slug":"iletisim","status":"publish","type":"page","link":"https:\/\/kirmizielma.com\/?page_id=22","title":{"rendered":"\u0130leti\u015fim"},"content":{"rendered":"<p>[vc_row][vc_column][vc_text_separator title=&#8221;K\u0131rm\u0131z\u0131 Elma K\u0131rtasiye&#8221;][\/vc_column][\/vc_row][vc_row][vc_column][vc_raw_html]JTNDaWZyYW1lJTIwc3JjJTNEJTIyaHR0cHMlM0ElMkYlMkZ3d3cuZ29vZ2xlLmNvbSUyRm1hcHMlMkZlbWJlZCUzRnBiJTNEJTIxMW0xOCUyMTFtMTIlMjExbTMlMjExZDYzMi4zOTk5OTg0MTUzMzMxJTIxMmQyOC44MjExMzM4NzI4OTMxNzglMjEzZDQxLjA2NDIyMDQxNzY2MTI5NiUyMTJtMyUyMTFmMCUyMTJmMCUyMTNmMCUyMTNtMiUyMTFpMTAyNCUyMTJpNzY4JTIxNGYxMy4xJTIxM20zJTIxMW0yJTIxMXMweDE0Y2FhNTcwOTIwNzQ5YTclMjUzQTB4MjYzYWNlYmU4OTM1NDEzYiUyMTJzTWFobXV0YmV5JTJCTWFoYWxsZXNpJTI1MkMlMkIxOS4lMkJZb2wlMkJTay4lMkJObyUyNTNBNDYlMjUyQyUyQjM0MjE4JTJCQmElMjVDNCUyNTlGYyUyNUM0JTI1QjFsYXIlMjUyRiUyNUM0JTI1QjBzdGFuYnVsJTIxNWUwJTIxM20yJTIxMXN0ciUyMTJzdHIlMjE0djE1MTQ5NjQ2Mzc1NjMlMjIlMjB3aWR0aCUzRCUyMjExNzAlMjIlMjBoZWlnaHQlM0QlMjIzMDAlMjIlMjBmcmFtZWJvcmRlciUzRCUyMjAlMjIlMjBzdHlsZSUzRCUyMmJvcmRlciUzQTAlMjIlMjBhbGxvd2Z1bGxzY3JlZW4lM0UlM0MlMkZpZnJhbWUlM0U=[\/vc_raw_html][\/vc_column][\/vc_row][vc_row][vc_column width=&#8221;1\/3&#8243;][vc_icon icon_fontawesome=&#8221;fa fa-home&#8221; color=&#8221;black&#8221; size=&#8221;lg&#8221; align=&#8221;center&#8221;][vc_text_separator title=&#8221;Ma\u011faza&#8221; color=&#8221;black&#8221;][vc_column_text]<strong>Adres :\u00a0<\/strong>\u0130sto\u00e7 18.Ada No:46<\/p>\n<p>Ba\u011fc\u0131lar \/ \u0130STANBUL<\/p>\n<p><strong>Tel :\u00a0<\/strong>+90 212 659 40 09 pbx<\/p>\n<p><strong>Fax :\u00a0<\/strong>+90 212 659 40 10<\/p>\n<p><strong>Mail :\u00a0<\/strong>info@kirmizielma.com[\/vc_column_text][vc_raw_html]JTNDaWZyYW1lJTIwc3JjJTNEJTIyaHR0cHMlM0ElMkYlMkZ3d3cuZ29vZ2xlLmNvbSUyRm1hcHMlMkZlbWJlZCUzRnBiJTNEJTIxMW0xOCUyMTFtMTIlMjExbTMlMjExZDYzMi4zOTk5OTg0MTUzMzMxJTIxMmQyOC44MjExMzM4NzI4OTMxNzglMjEzZDQxLjA2NDIyMDQxNzY2MTI5NiUyMTJtMyUyMTFmMCUyMTJmMCUyMTNmMCUyMTNtMiUyMTFpMTAyNCUyMTJpNzY4JTIxNGYxMy4xJTIxM20zJTIxMW0yJTIxMXMweDE0Y2FhNTcwOTIwNzQ5YTclMjUzQTB4MjYzYWNlYmU4OTM1NDEzYiUyMTJzTWFobXV0YmV5JTJCTWFoYWxsZXNpJTI1MkMlMkIxOS4lMkJZb2wlMkJTay4lMkJObyUyNTNBNDYlMjUyQyUyQjM0MjE4JTJCQmElMjVDNCUyNTlGYyUyNUM0JTI1QjFsYXIlMjUyRiUyNUM0JTI1QjBzdGFuYnVsJTIxNWUwJTIxM20yJTIxMXN0ciUyMTJzdHIlMjE0djE1MTQ5NjQ2Mzc1NjMlMjIlMjB3aWR0aCUzRCUyMjQwMCUyMiUyMGhlaWdodCUzRCUyMjMwMCUyMiUyMGZyYW1lYm9yZGVyJTNEJTIyMCUyMiUyMHN0eWxlJTNEJTIyYm9yZGVyJTNBMCUyMiUyMGFsbG93ZnVsbHNjcmVlbiUzRSUzQyUyRmlmcmFtZSUzRQ==[\/vc_raw_html][\/vc_column][vc_column width=&#8221;1\/3&#8243;][vc_icon icon_fontawesome=&#8221;fa fa-industry&#8221; color=&#8221;black&#8221; size=&#8221;lg&#8221; align=&#8221;center&#8221;][vc_text_separator title=&#8221;\u0130malat&#8221; color=&#8221;black&#8221;][vc_column_text]<strong>Adres : <\/strong>\u0130.O.S.B. T\u00fcmsan San. Sit. 1.K\u0131s\u0131m 6.Blok No:9<\/p>\n<p>Ba\u015fak\u015fehir \/ \u0130STANBUL<\/p>\n<p><strong>Tel :\u00a0<\/strong>+90 212 485 05 91<\/p>\n<p><strong>Fax :\u00a0<\/strong>+90 212 485 05 92<\/p>\n<p><strong>Mail :\u00a0<\/strong>imalat@kirmizielma.com[\/vc_column_text][vc_raw_html]JTNDaWZyYW1lJTIwc3JjJTNEJTIyaHR0cHMlM0ElMkYlMkZ3d3cuZ29vZ2xlLmNvbSUyRm1hcHMlMkZlbWJlZCUzRnBiJTNEJTIxMW0xOCUyMTFtMTIlMjExbTMlMjExZDE1MDMuMzA2MzQ4MDk5NzQ4NCUyMTJkMjguNzkyOTE4MzAwNTMzNDM3JTIxM2Q0MS4wOTkzMDgyMDAwMDQwOSUyMTJtMyUyMTFmMCUyMTJmMCUyMTNmMCUyMTNtMiUyMTFpMTAyNCUyMTJpNzY4JTIxNGYxMy4xJTIxM20zJTIxMW0yJTIxMXMweDAlMjUzQTB4MCUyMTJ6TkRIQ3NEQTFKelUzTGpVaVRpQXlPTUt3TkRjbk16WXVPU0pGJTIxNWUwJTIxM20yJTIxMXN0ciUyMTJzdHIlMjE0djE1MTQ1MzE4NTY2NjAlMjIlMjB3aWR0aCUzRCUyMjQwMCUyMiUyMGhlaWdodCUzRCUyMjMwMCUyMiUyMGZyYW1lYm9yZGVyJTNEJTIyMCUyMiUyMHN0eWxlJTNEJTIyYm9yZGVyJTNBMCUyMiUyMGFsbG93ZnVsbHNjcmVlbiUzRSUzQyUyRmlmcmFtZSUzRQ==[\/vc_raw_html][\/vc_column][vc_column width=&#8221;1\/3&#8243;][vc_icon icon_fontawesome=&#8221;fa fa-truck&#8221; color=&#8221;black&#8221; size=&#8221;lg&#8221; align=&#8221;center&#8221;][vc_text_separator title=&#8221;Depo&#8221; color=&#8221;black&#8221;][vc_column_text]<strong>Adres : <\/strong>Mahmutbey Mah. Turgut Cad. No:14<\/p>\n<p>Ba\u011fc\u0131lar \/ \u0130STANBUL<\/p>\n<p><strong>Tel :\u00a0<\/strong>+90 212 446 96 50<\/p>\n<p><strong>Fax :\u00a0<\/strong>+90 212 446 96 51<\/p>\n<p><strong>Mail : <\/strong>sevkiyat@kirmizielma.com[\/vc_column_text][vc_raw_html]JTNDaWZyYW1lJTIwc3JjJTNEJTIyaHR0cHMlM0ElMkYlMkZ3d3cuZ29vZ2xlLmNvbSUyRm1hcHMlMkZlbWJlZCUzRnBiJTNEJTIxMW0xOCUyMTFtMTIlMjExbTMlMjExZDc1Mi4wNzQ0OTE5NzE0OTklMjEyZDI4LjgyNTkyMjgyOTE4MTg5NSUyMTNkNDEuMDYyNDc5MDA5ODkwNjYlMjEybTMlMjExZjAlMjEyZjAlMjEzZjAlMjEzbTIlMjExaTEwMjQlMjEyaTc2OCUyMTRmMTMuMSUyMTNtMyUyMTFtMiUyMTFzMHgwJTI1M0EweDAlMjEyek5ESENzREF6SnpRMExqa2lUaUF5T01Ld05Ea25NelV1TXlKRiUyMTVlMCUyMTNtMiUyMTFzdHIlMjEyc3RyJTIxNHYxNTE0NTI5NTU2OTcwJTIyJTIwd2lkdGglM0QlMjI0MDAlMjIlMjBoZWlnaHQlM0QlMjIzMDAlMjIlMjBmcmFtZWJvcmRlciUzRCUyMjAlMjIlMjBzdHlsZSUzRCUyMmJvcmRlciUzQTAlMjIlMjBhbGxvd2Z1bGxzY3JlZW4lM0UlM0MlMkZpZnJhbWUlM0U=[\/vc_raw_html][\/vc_column][\/vc_row]<\/p>\n","protected":false},"excerpt":{"rendered":"<p>[vc_row][vc_column][vc_text_separator title=&#8221;K\u0131rm\u0131z\u0131 Elma K\u0131rtasiye&#8221;][\/vc_column][\/vc_row][vc_row][vc_column][vc_raw_html]JTNDaWZyYW1lJTIwc3JjJTNEJTIyaHR0cHMlM0ElMkYlMkZ3d3cuZ29vZ2xlLmNvbSUyRm1hcHMlMkZlbWJlZCUzRnBiJTNEJTIxMW0xOCUyMTFtMTIlMjExbTMlMjExZDYzMi4zOTk5OTg0MTUzMzMxJTIxMmQyOC44MjExMzM4NzI4OTMxNzglMjEzZDQxLjA2NDIyMDQxNzY2MTI5NiUyMTJtMyUyMTFmMCUyMTJmMCUyMTNmMCUyMTNtMiUyMTFpMTAyNCUyMTJpNzY4JTIxNGYxMy4xJTIxM20zJTIxMW0yJTIxMXMweDE0Y2FhNTcwOTIwNzQ5YTclMjUzQTB4MjYzYWNlYmU4OTM1NDEzYiUyMTJzTWFobXV0YmV5JTJCTWFoYWxsZXNpJTI1MkMlMkIxOS4lMkJZb2wlMkJTay4lMkJObyUyNTNBNDYlMjUyQyUyQjM0MjE4JTJCQmElMjVDNCUyNTlGYyUyNUM0JTI1QjFsYXIlMjUyRiUyNUM0JTI1QjBzdGFuYnVsJTIxNWUwJTIxM20yJTIxMXN0ciUyMTJzdHIlMjE0djE1MTQ5NjQ2Mzc1NjMlMjIlMjB3aWR0aCUzRCUyMjExNzAlMjIlMjBoZWlnaHQlM0QlMjIzMDAlMjIlMjBmcmFtZWJvcmRlciUzRCUyMjAlMjIlMjBzdHlsZSUzRCUyMmJvcmRlciUzQTAlMjIlMjBhbGxvd2Z1bGxzY3JlZW4lM0UlM0MlMkZpZnJhbWUlM0U=[\/vc_raw_html][\/vc_column][\/vc_row][vc_row][vc_column width=&#8221;1\/3&#8243;][vc_icon icon_fontawesome=&#8221;fa fa-home&#8221; color=&#8221;black&#8221; size=&#8221;lg&#8221; align=&#8221;center&#8221;][vc_text_separator title=&#8221;Ma\u011faza&#8221; color=&#8221;black&#8221;][vc_column_text]Adres :\u00a0\u0130sto\u00e7 18.Ada No:46 Ba\u011fc\u0131lar \/ \u0130STANBUL Tel :\u00a0+90 212 659 40 09 pbx Fax :\u00a0+90 212 659 40 10 Mail :\u00a0info@kirmizielma.com[\/vc_column_text][vc_raw_html]JTNDaWZyYW1lJTIwc3JjJTNEJTIyaHR0cHMlM0ElMkYlMkZ3d3cuZ29vZ2xlLmNvbSUyRm1hcHMlMkZlbWJlZCUzRnBiJTNEJTIxMW0xOCUyMTFtMTIlMjExbTMlMjExZDYzMi4zOTk5OTg0MTUzMzMxJTIxMmQyOC44MjExMzM4NzI4OTMxNzglMjEzZDQxLjA2NDIyMDQxNzY2MTI5NiUyMTJtMyUyMTFmMCUyMTJmMCUyMTNmMCUyMTNtMiUyMTFpMTAyNCUyMTJpNzY4JTIxNGYxMy4xJTIxM20zJTIxMW0yJTIxMXMweDE0Y2FhNTcwOTIwNzQ5YTclMjUzQTB4MjYzYWNlYmU4OTM1NDEzYiUyMTJzTWFobXV0YmV5JTJCTWFoYWxsZXNpJTI1MkMlMkIxOS4lMkJZb2wlMkJTay4lMkJObyUyNTNBNDYlMjUyQyUyQjM0MjE4JTJCQmElMjVDNCUyNTlGYyUyNUM0JTI1QjFsYXIlMjUyRiUyNUM0JTI1QjBzdGFuYnVsJTIxNWUwJTIxM20yJTIxMXN0ciUyMTJzdHIlMjE0djE1MTQ5NjQ2Mzc1NjMlMjIlMjB3aWR0aCUzRCUyMjQwMCUyMiUyMGhlaWdodCUzRCUyMjMwMCUyMiUyMGZyYW1lYm9yZGVyJTNEJTIyMCUyMiUyMHN0eWxlJTNEJTIyYm9yZGVyJTNBMCUyMiUyMGFsbG93ZnVsbHNjcmVlbiUzRSUzQyUyRmlmcmFtZSUzRQ==[\/vc_raw_html][\/vc_column][vc_column width=&#8221;1\/3&#8243;][vc_icon icon_fontawesome=&#8221;fa fa-industry&#8221; color=&#8221;black&#8221; size=&#8221;lg&#8221; align=&#8221;center&#8221;][vc_text_separator title=&#8221;\u0130malat&#8221; color=&#8221;black&#8221;][vc_column_text]Adres : \u0130.O.S.B. T\u00fcmsan San. Sit. 1.K\u0131s\u0131m 6.Blok No:9 Ba\u015fak\u015fehir \/ \u0130STANBUL Tel :\u00a0+90 212 &hellip; <a href=\"https:\/\/kirmizielma.com\/?page_id=22\" class=\"more-link\">Read more<\/a><\/p>\n","protected":false},"author":1,"featured_media":0,"parent":0,"menu_order":6,"comment_status":"closed","ping_status":"closed","template":"","meta":{"footnotes":""},"class_list":["post-22","page","type-page","status-publish","hentry"],"jetpack_sharing_enabled":true,"_links":{"self":[{"href":"https:\/\/kirmizielma.com\/index.php?rest_route=\/wp\/v2\/pages\/22","targetHints":{"allow":["GET"]}}],"collection":[{"href":"https:\/\/kirmizielma.com\/index.php?rest_route=\/wp\/v2\/pages"}],"about":[{"href":"https:\/\/kirmizielma.com\/index.php?rest_route=\/wp\/v2\/types\/page"}],"author":[{"embeddable":true,"href":"https:\/\/kirmizielma.com\/index.php?rest_route=\/wp\/v2\/users\/1"}],"replies":[{"embeddable":true,"href":"https:\/\/kirmizielma.com\/index.php?rest_route=%2Fwp%2Fv2%2Fcomments&post=22"}],"version-history":[{"count":8,"href":"https:\/\/kirmizielma.com\/index.php?rest_route=\/wp\/v2\/pages\/22\/revisions"}],"predecessor-version":[{"id":2516,"href":"https:\/\/kirmizielma.com\/index.php?rest_route=\/wp\/v2\/pages\/22\/revisions\/2516"}],"wp:attachment":[{"href":"https:\/\/kirmizielma.com\/index.php?rest_route=%2Fwp%2Fv2%2Fmedia&parent=22"}],"curies":[{"name":"wp","href":"https:\/\/api.w.org\/{rel}","templated":true}]}}