{"id":4170,"date":"2021-10-05T08:13:44","date_gmt":"2021-10-05T08:13:44","guid":{"rendered":"https:\/\/kirmizielma.com\/?page_id=4170"},"modified":"2021-10-05T15:00:26","modified_gmt":"2021-10-05T15:00:26","slug":"urun-gorselleri-indir","status":"publish","type":"page","link":"https:\/\/kirmizielma.com\/?page_id=4170","title":{"rendered":"\u00dcr\u00fcn G\u00f6rselleri \u0130ndir"},"content":{"rendered":"<p>[vc_row][vc_column width=&#8221;2\/3&#8243;][vc_column_text]Sitemizde bulunan \u00fcr\u00fcn g\u00f6rsellerini a\u015fa\u011f\u0131daki formu doldurarak indirebilirsiniz.<\/p>\n<p>&nbsp;<\/p>\n<p>\t\t<script src=\"https:\/\/www.google.com\/recaptcha\/api.js\" async defer><\/script>\t\t<div class=\"email_download_link\">\r\n\t\t\t\t\t\t<form action=\"#\" method=\"post\" class=\"ed_form\" id=\"ed_form_1777552639\">\r\n\t\t\t\t<p><span class=\"name\">Firma Ad\u0131 *<\/span><br><input type=\"text\" name=\"name\" id=\"name\" placeholder=\"Firma Ad\u0131\" value=\"\" maxlength=\"50\" required\/><\/p>\t\t\t\t<p><span class=\"email\">E-mail<\/span><br><input class=\"\" type=\"email\" id=\"email\" name=\"email\" value=\"\" placeholder=\"E-mail\"  maxlength=\"225\" required\/><\/p>\t\t\t\t<p><span class=\"phone\">Telefon<\/span><br><input type=\"text\" name=\"phone\" id=\"phone\" placeholder=\"Telefon\" value=\"\" maxlength=\"20\" \/><\/p>\t\t\t\t\t\t\t\t\t\t\t\t<div class=\"g-recaptcha\" data-sitekey=\"6Ld9ASAUAAAAANHU3JuBjqjglS8yvlpUdgxvhmDi\"><\/div>\t\t\t\t<br \/>\r\n\t\t\t\t<input name=\"submit\" id=\"ed_form_submit_1777552639\" value=\"\u0130ndirme Linkini G\u00f6nder\" type=\"submit\" \/>\r\n\t\t\t\t<span class=\"ed_form_spinner\" id=\"loading-image\" style=\"display:none;\">\r\n\t\t\t\t\t<img data-recalc-dims=\"1\" decoding=\"async\" src=\"https:\/\/i0.wp.com\/kirmizielma.com\/wp-content\/plugins\/email-download-link\/images\/ajax-loader.gif?w=1200&#038;ssl=1\" \/>\r\n\t\t\t\t<\/span>\r\n\t\t\t\t<input name=\"guid\" id=\"guid\" value=\"iosudk-ejishm-enovzt-jxeioh-otkinr\" type=\"hidden\"\/>\r\n\t\t\t\t<input type=\"text\" style=\"display:none;\" id=\"email_name\" name=\"email_name\" value=\"\" type=\"hidden\"\/>\r\n\t\t\t\t<input name=\"form_nonce\" id=\"form_nonce\" value=\"9db9a21258\" type=\"hidden\"\/>\r\n\t\t\t\t<input name=\"name_mand\" id=\"name_mand\" value=\"YES\" type=\"hidden\"\/>\r\n\t\t\t\t<input name=\"gdpr_mand\" id=\"gdpr_mand\" value=\"NO\" type=\"hidden\"\/>\r\n\t\t\t\t<input name=\"phone_mand\" id=\"phone_mand\" value=\"YES\" type=\"hidden\"\/>\r\n\t\t\t<\/form>\t\r\n\t\t\t<span class=\"ed_form_message\" id=\"ed_form_message_1777552639\"><\/span>\r\n\t\t<\/div>\r\n\t[\/vc_column_text][\/vc_column][vc_column width=&#8221;1\/3&#8243;][\/vc_column][\/vc_row]<\/p>\n","protected":false},"excerpt":{"rendered":"<p>[vc_row][vc_column width=&#8221;2\/3&#8243;][vc_column_text]Sitemizde bulunan \u00fcr\u00fcn g\u00f6rsellerini a\u015fa\u011f\u0131daki formu doldurarak indirebilirsiniz. &nbsp; [\/vc_column_text][\/vc_column][vc_column width=&#8221;1\/3&#8243;][\/vc_column][\/vc_row]<\/p>\n","protected":false},"author":1,"featured_media":0,"parent":0,"menu_order":0,"comment_status":"closed","ping_status":"closed","template":"","meta":{"footnotes":""},"class_list":["post-4170","page","type-page","status-publish","hentry"],"jetpack_sharing_enabled":true,"_links":{"self":[{"href":"https:\/\/kirmizielma.com\/index.php?rest_route=\/wp\/v2\/pages\/4170","targetHints":{"allow":["GET"]}}],"collection":[{"href":"https:\/\/kirmizielma.com\/index.php?rest_route=\/wp\/v2\/pages"}],"about":[{"href":"https:\/\/kirmizielma.com\/index.php?rest_route=\/wp\/v2\/types\/page"}],"author":[{"embeddable":true,"href":"https:\/\/kirmizielma.com\/index.php?rest_route=\/wp\/v2\/users\/1"}],"replies":[{"embeddable":true,"href":"https:\/\/kirmizielma.com\/index.php?rest_route=%2Fwp%2Fv2%2Fcomments&post=4170"}],"version-history":[{"count":8,"href":"https:\/\/kirmizielma.com\/index.php?rest_route=\/wp\/v2\/pages\/4170\/revisions"}],"predecessor-version":[{"id":4187,"href":"https:\/\/kirmizielma.com\/index.php?rest_route=\/wp\/v2\/pages\/4170\/revisions\/4187"}],"wp:attachment":[{"href":"https:\/\/kirmizielma.com\/index.php?rest_route=%2Fwp%2Fv2%2Fmedia&parent=4170"}],"curies":[{"name":"wp","href":"https:\/\/api.w.org\/{rel}","templated":true}]}}