{"id":2597,"date":"2020-04-12T17:18:14","date_gmt":"2020-04-12T17:18:14","guid":{"rendered":"http:\/\/kirmizielma.com\/?post_type=product&#038;p=2597"},"modified":"2020-04-12T19:52:16","modified_gmt":"2020-04-12T19:52:16","slug":"rg110-27-red-apple-guaj-boya-100-gr-seker-pembe","status":"publish","type":"product","link":"https:\/\/kirmizielma.com\/?product=rg110-27-red-apple-guaj-boya-100-gr-seker-pembe","title":{"rendered":"RG110-27 Red Apple Guaj Boya 100 gr \u015eeker Pembe"},"content":{"rendered":"<p>RG110-27 Red Apple Guaj Boya 100 gr \u015eeker Pembe 12*144<\/p>\n","protected":false},"excerpt":{"rendered":"<hr \/>\n<p><img loading=\"lazy\" decoding=\"async\" class=\"alignright wp-image-2536\" src=\"http:\/\/kirmizielma.com\/wp-content\/uploads\/2020\/04\/yeni-\u00fcr\u00fcn.png\" alt=\"\" width=\"75\" height=\"62\" \/><\/p>\n<p><strong>\u00dcr\u00fcn Kod :<\/strong> RG110-27<\/p>\n<p><strong>Birim :<\/strong> Adet<\/p>\n<p><strong>Paket \u0130\u00e7i Adedi :<\/strong> 12 Adet<\/p>\n<p><strong>Koli \u0130\u00e7i Paket Miktar\u0131 :<\/strong>\u00a012 Paket<\/p>\n<p><strong>Koli \u0130\u00e7i Adet Miktar\u0131 :<\/strong>\u00a0144 Adet<\/p>\n<p><strong>Adet Barkod :<\/strong> 8698954031700<\/p>\n<p><strong>Paket Barkod :<\/strong> 8698954031717<\/p>\n<p><strong>Koli Borkod :<\/strong> 8698954031724<\/p>\n<p><strong>Men\u015fei :<\/strong> T\u00fcrkiye &#8211;\u00a0Yerli \u00dcretim<\/p>\n<p><strong>KDV Oran\u0131 :<\/strong> % 8<\/p>\n<p><img loading=\"lazy\" decoding=\"async\" class=\"alignleft wp-image-2486\" src=\"http:\/\/kirmizielma.com\/wp-content\/uploads\/2018\/12\/yerli_uretim_logo-800x315.png\" alt=\"\" width=\"120\" height=\"47\" \/><\/p>\n","protected":false},"featured_media":2639,"template":"","meta":{"jetpack_publicize_message":"","jetpack_publicize_feature_enabled":true,"jetpack_social_post_already_shared":false,"jetpack_social_options":{"image_generator_settings":{"template":"highway","default_image_id":0,"font":"","enabled":false},"version":2}},"product_cat":[121],"product_tag":[],"class_list":{"0":"post-2597","1":"product","2":"type-product","3":"status-publish","4":"has-post-thumbnail","6":"product_cat-normal-guaj-boyalar","8":"first","9":"instock","10":"shipping-taxable","11":"product-type-simple"},"jetpack_publicize_connections":[],"jetpack_sharing_enabled":true,"_links":{"self":[{"href":"https:\/\/kirmizielma.com\/index.php?rest_route=\/wp\/v2\/product\/2597","targetHints":{"allow":["GET"]}}],"collection":[{"href":"https:\/\/kirmizielma.com\/index.php?rest_route=\/wp\/v2\/product"}],"about":[{"href":"https:\/\/kirmizielma.com\/index.php?rest_route=\/wp\/v2\/types\/product"}],"wp:featuredmedia":[{"embeddable":true,"href":"https:\/\/kirmizielma.com\/index.php?rest_route=\/wp\/v2\/media\/2639"}],"wp:attachment":[{"href":"https:\/\/kirmizielma.com\/index.php?rest_route=%2Fwp%2Fv2%2Fmedia&parent=2597"}],"wp:term":[{"taxonomy":"product_cat","embeddable":true,"href":"https:\/\/kirmizielma.com\/index.php?rest_route=%2Fwp%2Fv2%2Fproduct_cat&post=2597"},{"taxonomy":"product_tag","embeddable":true,"href":"https:\/\/kirmizielma.com\/index.php?rest_route=%2Fwp%2Fv2%2Fproduct_tag&post=2597"}],"curies":[{"name":"wp","href":"https:\/\/api.w.org\/{rel}","templated":true}]}}