{"id":3366,"date":"2020-04-16T14:56:46","date_gmt":"2020-04-16T14:56:46","guid":{"rendered":"http:\/\/kirmizielma.com\/?post_type=product&#038;p=3366"},"modified":"2020-04-16T14:56:46","modified_gmt":"2020-04-16T14:56:46","slug":"rvf103-red-apple-firca-temizleyici-25-ml","status":"publish","type":"product","link":"https:\/\/kirmizielma.com\/?product=rvf103-red-apple-firca-temizleyici-25-ml","title":{"rendered":"RVF103 Red Apple F\u0131r\u00e7a Temizleyici 25 ml"},"content":{"rendered":"<p>RVF103 Red Apple F\u0131r\u00e7a Temizleyici 25 ml 12*288<\/p>\n","protected":false},"excerpt":{"rendered":"<hr \/>\n<p><strong>\u00dcr\u00fcn Kod :<\/strong> RVF103<\/p>\n<p><strong>Birim :<\/strong>\u00a0Adet<\/p>\n<p><strong>Paket \u0130\u00e7i Adedi :<\/strong> 12 Adet<\/p>\n<p><strong>Koli \u0130\u00e7i Paket Miktar\u0131 :<\/strong>\u00a024 Paket<\/p>\n<p><strong>Koli \u0130\u00e7i Adet Miktar\u0131 :<\/strong>\u00a0288 Adet<\/p>\n<p><strong>Adet Barkod :<\/strong> 8698954017315<\/p>\n<p><strong>Paket Barkod :<\/strong> 8698954019609<\/p>\n<p><strong>Koli Borkod :<\/strong> 8698954024511<\/p>\n<p><strong>Men\u015fei :<\/strong> T\u00fcrkiye &#8211;\u00a0Yerli \u00dcretim<\/p>\n<p><strong>KDV Oran\u0131 :<\/strong> % 18<\/p>\n<p><img loading=\"lazy\" decoding=\"async\" class=\"alignleft wp-image-2486\" src=\"http:\/\/kirmizielma.com\/wp-content\/uploads\/2018\/12\/yerli_uretim_logo-800x315.png\" alt=\"\" width=\"120\" height=\"47\" \/><\/p>\n","protected":false},"featured_media":3367,"template":"","meta":{"jetpack_publicize_message":"","jetpack_publicize_feature_enabled":true,"jetpack_social_post_already_shared":false,"jetpack_social_options":{"image_generator_settings":{"template":"highway","default_image_id":0,"font":"","enabled":false},"version":2}},"product_cat":[157],"product_tag":[],"class_list":{"0":"post-3366","1":"product","2":"type-product","3":"status-publish","4":"has-post-thumbnail","6":"product_cat-yardimci-malzemeler-boyalar-1-yerli-uretim","8":"first","9":"instock","10":"shipping-taxable","11":"product-type-simple"},"jetpack_publicize_connections":[],"jetpack_sharing_enabled":true,"_links":{"self":[{"href":"https:\/\/kirmizielma.com\/index.php?rest_route=\/wp\/v2\/product\/3366","targetHints":{"allow":["GET"]}}],"collection":[{"href":"https:\/\/kirmizielma.com\/index.php?rest_route=\/wp\/v2\/product"}],"about":[{"href":"https:\/\/kirmizielma.com\/index.php?rest_route=\/wp\/v2\/types\/product"}],"wp:featuredmedia":[{"embeddable":true,"href":"https:\/\/kirmizielma.com\/index.php?rest_route=\/wp\/v2\/media\/3367"}],"wp:attachment":[{"href":"https:\/\/kirmizielma.com\/index.php?rest_route=%2Fwp%2Fv2%2Fmedia&parent=3366"}],"wp:term":[{"taxonomy":"product_cat","embeddable":true,"href":"https:\/\/kirmizielma.com\/index.php?rest_route=%2Fwp%2Fv2%2Fproduct_cat&post=3366"},{"taxonomy":"product_tag","embeddable":true,"href":"https:\/\/kirmizielma.com\/index.php?rest_route=%2Fwp%2Fv2%2Fproduct_tag&post=3366"}],"curies":[{"name":"wp","href":"https:\/\/api.w.org\/{rel}","templated":true}]}}