{"id":3469,"date":"2020-04-17T11:16:24","date_gmt":"2020-04-17T11:16:24","guid":{"rendered":"http:\/\/kirmizielma.com\/?post_type=product&#038;p=3469"},"modified":"2020-04-17T11:16:24","modified_gmt":"2020-04-17T11:16:24","slug":"rf60-200-red-apple-ahsap-zemin-boyama-fircasi-5-cm","status":"publish","type":"product","link":"https:\/\/kirmizielma.com\/?product=rf60-200-red-apple-ahsap-zemin-boyama-fircasi-5-cm","title":{"rendered":"RF60-200 Red Apple Ah\u015fap Zemin Boyama F\u0131r\u00e7as\u0131 5 Cm"},"content":{"rendered":"<p>RF60-200 Red Apple Ah\u015fap Zemin Boyama F\u0131r\u00e7as\u0131 5 Cm 12*600<\/p>\n","protected":false},"excerpt":{"rendered":"<hr \/>\n<p><strong>\u00dcr\u00fcn Kod :<\/strong>\u00a0RF60-200<\/p>\n<p><strong>Birim :<\/strong>\u00a0Adet<\/p>\n<p><strong>Paket \u0130\u00e7i Adedi :<\/strong> 12 Adet<\/p>\n<p><strong>Koli \u0130\u00e7i Paket Miktar\u0131 :<\/strong>\u00a060 Paket<\/p>\n<p><strong>Koli \u0130\u00e7i Adet Miktar\u0131 :<\/strong>\u00a0720 Adet<\/p>\n<p><strong>Adet Barkod :<\/strong> 8698954012013<\/p>\n<p><strong>Men\u015fei :<\/strong> \u00c7in &#8211;\u00a0\u0130thal \u00dcr\u00fcn<\/p>\n<p><strong>KDV Oran\u0131 :<\/strong> % 18<\/p>\n","protected":false},"featured_media":3470,"template":"","meta":{"jetpack_publicize_message":"","jetpack_publicize_feature_enabled":true,"jetpack_social_post_already_shared":false,"jetpack_social_options":{"image_generator_settings":{"template":"highway","default_image_id":0,"font":"","enabled":false},"version":2}},"product_cat":[164],"product_tag":[],"class_list":{"0":"post-3469","1":"product","2":"type-product","3":"status-publish","4":"has-post-thumbnail","6":"product_cat-ahsap-zemin-fircalari","8":"first","9":"instock","10":"shipping-taxable","11":"product-type-simple"},"jetpack_publicize_connections":[],"jetpack_sharing_enabled":true,"_links":{"self":[{"href":"https:\/\/kirmizielma.com\/index.php?rest_route=\/wp\/v2\/product\/3469","targetHints":{"allow":["GET"]}}],"collection":[{"href":"https:\/\/kirmizielma.com\/index.php?rest_route=\/wp\/v2\/product"}],"about":[{"href":"https:\/\/kirmizielma.com\/index.php?rest_route=\/wp\/v2\/types\/product"}],"wp:featuredmedia":[{"embeddable":true,"href":"https:\/\/kirmizielma.com\/index.php?rest_route=\/wp\/v2\/media\/3470"}],"wp:attachment":[{"href":"https:\/\/kirmizielma.com\/index.php?rest_route=%2Fwp%2Fv2%2Fmedia&parent=3469"}],"wp:term":[{"taxonomy":"product_cat","embeddable":true,"href":"https:\/\/kirmizielma.com\/index.php?rest_route=%2Fwp%2Fv2%2Fproduct_cat&post=3469"},{"taxonomy":"product_tag","embeddable":true,"href":"https:\/\/kirmizielma.com\/index.php?rest_route=%2Fwp%2Fv2%2Fproduct_tag&post=3469"}],"curies":[{"name":"wp","href":"https:\/\/api.w.org\/{rel}","templated":true}]}}