{"id":3694,"date":"2020-04-19T12:01:30","date_gmt":"2020-04-19T12:01:30","guid":{"rendered":"http:\/\/kirmizielma.com\/?post_type=product&#038;p=3694"},"modified":"2024-07-28T14:49:21","modified_gmt":"2024-07-28T14:49:21","slug":"ra36-8810-red-apple-sekilli-orta-boy-delgec-3-cm","status":"publish","type":"product","link":"https:\/\/kirmizielma.com\/?product=ra36-8810-red-apple-sekilli-orta-boy-delgec-3-cm","title":{"rendered":"RA36-8810_KRSK Red Apple \u015eekilli Orta Boy Delge\u00e7  Kar\u0131\u015f\u0131k  Desen  2,5 Cm"},"content":{"rendered":"<p>RA36-8810_KRSK Red Apple \u015eekilli Orta Boy Delge\u00e7 2,5 Cm 12*120<\/p>\n","protected":false},"excerpt":{"rendered":"<hr \/>\n<p><strong>\u00dcr\u00fcn Kod :<\/strong> RA36-8810<\/p>\n<p><strong>Birim :<\/strong>\u00a0Adet<\/p>\n<p><strong>Paket \u0130\u00e7i Adedi :<\/strong>\u00a012 Adet<\/p>\n<p><strong>Koli \u0130\u00e7i Paket Miktar\u0131 :<\/strong>\u00a010 Paket<\/p>\n<p><strong>Koli \u0130\u00e7i Adet Miktar\u0131 :<\/strong>\u00a0120 Adet<\/p>\n<p><strong>Adet Barkod :<\/strong> 8698954005961<\/p>\n<p><strong>Paket Barkod :<\/strong> 8698954005886<\/p>\n<p><strong>Men\u015fei :<\/strong> \u00c7in &#8211; \u0130thal \u00dcr\u00fcn<\/p>\n<p><strong>KDV Oran\u0131 :<\/strong> % 18<\/p>\n","protected":false},"featured_media":5286,"template":"","meta":{"jetpack_publicize_message":"","jetpack_publicize_feature_enabled":true,"jetpack_social_post_already_shared":false,"jetpack_social_options":{"image_generator_settings":{"template":"highway","default_image_id":0,"font":"","enabled":false},"version":2}},"product_cat":[250,182],"product_tag":[],"class_list":{"0":"post-3694","1":"product","2":"type-product","3":"status-publish","4":"has-post-thumbnail","6":"product_cat-orta-boy-delgec-middle-punch","7":"product_cat-sekilli-delgecler-1-yeni","9":"first","10":"instock","11":"shipping-taxable","12":"product-type-simple"},"jetpack_publicize_connections":[],"jetpack_sharing_enabled":true,"_links":{"self":[{"href":"https:\/\/kirmizielma.com\/index.php?rest_route=\/wp\/v2\/product\/3694","targetHints":{"allow":["GET"]}}],"collection":[{"href":"https:\/\/kirmizielma.com\/index.php?rest_route=\/wp\/v2\/product"}],"about":[{"href":"https:\/\/kirmizielma.com\/index.php?rest_route=\/wp\/v2\/types\/product"}],"wp:featuredmedia":[{"embeddable":true,"href":"https:\/\/kirmizielma.com\/index.php?rest_route=\/wp\/v2\/media\/5286"}],"wp:attachment":[{"href":"https:\/\/kirmizielma.com\/index.php?rest_route=%2Fwp%2Fv2%2Fmedia&parent=3694"}],"wp:term":[{"taxonomy":"product_cat","embeddable":true,"href":"https:\/\/kirmizielma.com\/index.php?rest_route=%2Fwp%2Fv2%2Fproduct_cat&post=3694"},{"taxonomy":"product_tag","embeddable":true,"href":"https:\/\/kirmizielma.com\/index.php?rest_route=%2Fwp%2Fv2%2Fproduct_tag&post=3694"}],"curies":[{"name":"wp","href":"https:\/\/api.w.org\/{rel}","templated":true}]}}