{"id":3814,"date":"2020-04-23T15:44:47","date_gmt":"2020-04-23T15:44:47","guid":{"rendered":"http:\/\/kirmizielma.com\/?post_type=product&#038;p=3814"},"modified":"2020-04-23T15:44:47","modified_gmt":"2020-04-23T15:44:47","slug":"ra52-2150-red-apple-plastik-cerceve-boyama","status":"publish","type":"product","link":"https:\/\/kirmizielma.com\/?product=ra52-2150-red-apple-plastik-cerceve-boyama","title":{"rendered":"RA52-2150 Red Apple Plastik \u00c7er\u00e7eve Boyama"},"content":{"rendered":"<p>RA52-2150 Red Apple Plastik \u00c7er\u00e7eve Boyama 10*600<\/p>\n","protected":false},"excerpt":{"rendered":"<hr \/>\n<p><strong>\u00dcr\u00fcn Kod :<\/strong> RA52-2150<\/p>\n<p><strong>Birim :<\/strong>\u00a0Adet<\/p>\n<p><strong>Paket \u0130\u00e7i Adedi :<\/strong> 10 Adet<\/p>\n<p><strong>Koli \u0130\u00e7i Paket Miktar\u0131 :<\/strong> 60 Paket<\/p>\n<p><strong>Koli \u0130\u00e7i Adet Miktar\u0131 :<\/strong>\u00a0600 Adet<\/p>\n<p><strong>Adet Barkod :<\/strong> 8698954013635<\/p>\n<p><strong>Paket Barkod :<\/strong> 8698954013645<\/p>\n<p><strong>Men\u015fei :<\/strong> \u00c7in \u2013 \u0130thal \u00dcr\u00fcn<\/p>\n<p><strong>KDV Oran\u0131 :<\/strong> % 18<\/p>\n","protected":false},"featured_media":3815,"template":"","meta":{"jetpack_publicize_message":"","jetpack_publicize_feature_enabled":true,"jetpack_social_post_already_shared":false,"jetpack_social_options":{"image_generator_settings":{"template":"highway","default_image_id":0,"font":"","enabled":false},"version":2}},"product_cat":[192],"product_tag":[],"class_list":{"0":"post-3814","1":"product","2":"type-product","3":"status-publish","4":"has-post-thumbnail","6":"product_cat-beceri-urunleri","8":"first","9":"instock","10":"shipping-taxable","11":"product-type-simple"},"jetpack_publicize_connections":[],"jetpack_sharing_enabled":true,"_links":{"self":[{"href":"https:\/\/kirmizielma.com\/index.php?rest_route=\/wp\/v2\/product\/3814","targetHints":{"allow":["GET"]}}],"collection":[{"href":"https:\/\/kirmizielma.com\/index.php?rest_route=\/wp\/v2\/product"}],"about":[{"href":"https:\/\/kirmizielma.com\/index.php?rest_route=\/wp\/v2\/types\/product"}],"wp:featuredmedia":[{"embeddable":true,"href":"https:\/\/kirmizielma.com\/index.php?rest_route=\/wp\/v2\/media\/3815"}],"wp:attachment":[{"href":"https:\/\/kirmizielma.com\/index.php?rest_route=%2Fwp%2Fv2%2Fmedia&parent=3814"}],"wp:term":[{"taxonomy":"product_cat","embeddable":true,"href":"https:\/\/kirmizielma.com\/index.php?rest_route=%2Fwp%2Fv2%2Fproduct_cat&post=3814"},{"taxonomy":"product_tag","embeddable":true,"href":"https:\/\/kirmizielma.com\/index.php?rest_route=%2Fwp%2Fv2%2Fproduct_tag&post=3814"}],"curies":[{"name":"wp","href":"https:\/\/api.w.org\/{rel}","templated":true}]}}