{"id":4159,"date":"2021-09-14T12:31:01","date_gmt":"2021-09-14T12:31:01","guid":{"rendered":"https:\/\/kirmizielma.com\/?post_type=product&#038;p=4159"},"modified":"2021-09-14T12:31:01","modified_gmt":"2021-09-14T12:31:01","slug":"rzt-20-sivi-yapistirici-su-bazli-20-gram","status":"publish","type":"product","link":"https:\/\/kirmizielma.com\/?product=rzt-20-sivi-yapistirici-su-bazli-20-gram","title":{"rendered":"RZT-20 SIVI YAPI\u015eTIRICI SU BAZLI 20 GRAM"},"content":{"rendered":"<p>RZT-20 SIVI YAPI\u015eTIRICI SU BAZLI 20 GRAM 24*648<\/p>\n","protected":false},"excerpt":{"rendered":"<hr \/>\n<p><strong>\u00dcr\u00fcn Kod :<\/strong> RZT-20<\/p>\n<p><strong>Birim :<\/strong>\u00a0Adet<\/p>\n<p><strong>Kavanoz \u0130\u00e7i Adedi :<\/strong>\u00a024 Adet<\/p>\n<p><strong>Koli \u0130\u00e7i Kavanoz Miktar\u0131 :<\/strong>\u00a027 Kananoz<\/p>\n<p><strong>Koli \u0130\u00e7i Adet Miktar\u0131 :<\/strong>\u00a0648 Adet<\/p>\n<p><strong>Adet Barkod :<\/strong> 8698954035692<\/p>\n<p><strong>Paket Barkod :<\/strong> 8698954035708<\/p>\n<p><strong>Koli Borkod :<\/strong> 8698954035715<\/p>\n<p><strong>Men\u015fei :<\/strong> T\u00fcrkiye &#8211;\u00a0Yerli \u00dcretim<\/p>\n<p><strong>KDV Oran\u0131 :<\/strong> % 18<\/p>\n<p><img loading=\"lazy\" decoding=\"async\" class=\"alignleft wp-image-2486\" src=\"http:\/\/kirmizielma.com\/wp-content\/uploads\/2018\/12\/yerli_uretim_logo-800x315.png\" alt=\"\" width=\"120\" height=\"47\" \/><\/p>\n","protected":false},"featured_media":4160,"template":"","meta":{"jetpack_publicize_message":"","jetpack_publicize_feature_enabled":true,"jetpack_social_post_already_shared":false,"jetpack_social_options":{"image_generator_settings":{"template":"highway","default_image_id":0,"font":"","enabled":false},"version":2}},"product_cat":[151],"product_tag":[],"class_list":{"0":"post-4159","1":"product","2":"type-product","3":"status-publish","4":"has-post-thumbnail","6":"product_cat-yapistiricilar","8":"first","9":"instock","10":"shipping-taxable","11":"product-type-simple"},"jetpack_publicize_connections":[],"jetpack_sharing_enabled":true,"_links":{"self":[{"href":"https:\/\/kirmizielma.com\/index.php?rest_route=\/wp\/v2\/product\/4159","targetHints":{"allow":["GET"]}}],"collection":[{"href":"https:\/\/kirmizielma.com\/index.php?rest_route=\/wp\/v2\/product"}],"about":[{"href":"https:\/\/kirmizielma.com\/index.php?rest_route=\/wp\/v2\/types\/product"}],"wp:featuredmedia":[{"embeddable":true,"href":"https:\/\/kirmizielma.com\/index.php?rest_route=\/wp\/v2\/media\/4160"}],"wp:attachment":[{"href":"https:\/\/kirmizielma.com\/index.php?rest_route=%2Fwp%2Fv2%2Fmedia&parent=4159"}],"wp:term":[{"taxonomy":"product_cat","embeddable":true,"href":"https:\/\/kirmizielma.com\/index.php?rest_route=%2Fwp%2Fv2%2Fproduct_cat&post=4159"},{"taxonomy":"product_tag","embeddable":true,"href":"https:\/\/kirmizielma.com\/index.php?rest_route=%2Fwp%2Fv2%2Fproduct_tag&post=4159"}],"curies":[{"name":"wp","href":"https:\/\/api.w.org\/{rel}","templated":true}]}}