{"id":4175,"date":"2021-10-05T12:40:25","date_gmt":"2021-10-05T12:40:25","guid":{"rendered":"https:\/\/kirmizielma.com\/?post_type=product&#038;p=4175"},"modified":"2021-10-05T12:40:25","modified_gmt":"2021-10-05T12:40:25","slug":"rf202-6li-firca-seti","status":"publish","type":"product","link":"https:\/\/kirmizielma.com\/?product=rf202-6li-firca-seti","title":{"rendered":"RF202 6&#8217;LI FIR\u00c7A SET\u0130"},"content":{"rendered":"<p>RF202 6&#8217;LI FIR\u00c7A SET\u0130 24*240<\/p>\n","protected":false},"excerpt":{"rendered":"<hr \/>\n<p><strong>\u00dcr\u00fcn Kod :<\/strong>\u00a0RF202<\/p>\n<p><strong>Birim :<\/strong>\u00a0Set<\/p>\n<p><strong>Paket \u0130\u00e7i Set Adedi :<\/strong>\u00a024 Set<\/p>\n<p><strong>Koli \u0130\u00e7i Paket Miktar\u0131 :<\/strong>\u00a010 Paket<\/p>\n<p><strong>Koli \u0130\u00e7i Set Miktar\u0131 :<\/strong>\u00a0240 Set<\/p>\n<p><strong>Adet Barkod :<\/strong> 8698954035630<\/p>\n<p><strong>Men\u015fei :<\/strong> \u00c7in &#8211;\u00a0\u0130thal \u00dcr\u00fcn<\/p>\n<p><strong>KDV Oran\u0131 :<\/strong> % 18<\/p>\n","protected":false},"featured_media":4176,"template":"","meta":{"jetpack_publicize_message":"","jetpack_publicize_feature_enabled":true,"jetpack_social_post_already_shared":false,"jetpack_social_options":{"image_generator_settings":{"template":"highway","default_image_id":0,"font":"","enabled":false},"version":2}},"product_cat":[160],"product_tag":[],"class_list":{"0":"post-4175","1":"product","2":"type-product","3":"status-publish","4":"has-post-thumbnail","6":"product_cat-resim-fircalari","8":"first","9":"instock","10":"shipping-taxable","11":"product-type-simple"},"jetpack_publicize_connections":[],"jetpack_sharing_enabled":true,"_links":{"self":[{"href":"https:\/\/kirmizielma.com\/index.php?rest_route=\/wp\/v2\/product\/4175","targetHints":{"allow":["GET"]}}],"collection":[{"href":"https:\/\/kirmizielma.com\/index.php?rest_route=\/wp\/v2\/product"}],"about":[{"href":"https:\/\/kirmizielma.com\/index.php?rest_route=\/wp\/v2\/types\/product"}],"wp:featuredmedia":[{"embeddable":true,"href":"https:\/\/kirmizielma.com\/index.php?rest_route=\/wp\/v2\/media\/4176"}],"wp:attachment":[{"href":"https:\/\/kirmizielma.com\/index.php?rest_route=%2Fwp%2Fv2%2Fmedia&parent=4175"}],"wp:term":[{"taxonomy":"product_cat","embeddable":true,"href":"https:\/\/kirmizielma.com\/index.php?rest_route=%2Fwp%2Fv2%2Fproduct_cat&post=4175"},{"taxonomy":"product_tag","embeddable":true,"href":"https:\/\/kirmizielma.com\/index.php?rest_route=%2Fwp%2Fv2%2Fproduct_tag&post=4175"}],"curies":[{"name":"wp","href":"https:\/\/api.w.org\/{rel}","templated":true}]}}