{"id":4360,"date":"2023-07-23T17:05:33","date_gmt":"2023-07-23T17:05:33","guid":{"rendered":"https:\/\/kirmizielma.com\/?post_type=product&#038;p=4360"},"modified":"2023-07-23T17:33:09","modified_gmt":"2023-07-23T17:33:09","slug":"ra150-32-akrilik-boya-500ml-sise-yavruagzi-rengi","status":"publish","type":"product","link":"https:\/\/kirmizielma.com\/?product=ra150-32-akrilik-boya-500ml-sise-yavruagzi-rengi","title":{"rendered":"RA150-32  Akrilik Boya 500ml \u015ei\u015fe  Yavruagz\u0131 Rengi"},"content":{"rendered":"","protected":false},"excerpt":{"rendered":"","protected":false},"featured_media":4361,"template":"","meta":{"jetpack_publicize_message":"","jetpack_publicize_feature_enabled":true,"jetpack_social_post_already_shared":false,"jetpack_social_options":{"image_generator_settings":{"template":"highway","default_image_id":0,"font":"","enabled":false},"version":2}},"product_cat":[223],"product_tag":[],"class_list":{"0":"post-4360","1":"product","2":"type-product","3":"status-publish","4":"has-post-thumbnail","6":"product_cat-500ml-bottle-acrylic-akrilik","8":"first","9":"instock","10":"shipping-taxable","11":"product-type-simple"},"jetpack_publicize_connections":[],"jetpack_sharing_enabled":true,"_links":{"self":[{"href":"https:\/\/kirmizielma.com\/index.php?rest_route=\/wp\/v2\/product\/4360","targetHints":{"allow":["GET"]}}],"collection":[{"href":"https:\/\/kirmizielma.com\/index.php?rest_route=\/wp\/v2\/product"}],"about":[{"href":"https:\/\/kirmizielma.com\/index.php?rest_route=\/wp\/v2\/types\/product"}],"wp:featuredmedia":[{"embeddable":true,"href":"https:\/\/kirmizielma.com\/index.php?rest_route=\/wp\/v2\/media\/4361"}],"wp:attachment":[{"href":"https:\/\/kirmizielma.com\/index.php?rest_route=%2Fwp%2Fv2%2Fmedia&parent=4360"}],"wp:term":[{"taxonomy":"product_cat","embeddable":true,"href":"https:\/\/kirmizielma.com\/index.php?rest_route=%2Fwp%2Fv2%2Fproduct_cat&post=4360"},{"taxonomy":"product_tag","embeddable":true,"href":"https:\/\/kirmizielma.com\/index.php?rest_route=%2Fwp%2Fv2%2Fproduct_tag&post=4360"}],"curies":[{"name":"wp","href":"https:\/\/api.w.org\/{rel}","templated":true}]}}