{"id":4397,"date":"2023-07-24T05:29:07","date_gmt":"2023-07-24T05:29:07","guid":{"rendered":"https:\/\/kirmizielma.com\/?post_type=product&#038;p=4397"},"modified":"2023-07-24T08:03:23","modified_gmt":"2023-07-24T08:03:23","slug":"ra250k-12-akrilik-boya-250ml-kavanoz-acik-yesil","status":"publish","type":"product","link":"https:\/\/kirmizielma.com\/?product=ra250k-12-akrilik-boya-250ml-kavanoz-acik-yesil","title":{"rendered":"RA250K-22 Akrilik Boya 250ml Kavanoz A\u00e7\u0131k Ye\u015fil"},"content":{"rendered":"","protected":false},"excerpt":{"rendered":"","protected":false},"featured_media":4423,"template":"","meta":{"jetpack_publicize_message":"","jetpack_publicize_feature_enabled":true,"jetpack_social_post_already_shared":false,"jetpack_social_options":{"image_generator_settings":{"template":"highway","default_image_id":0,"font":"","enabled":false},"version":2}},"product_cat":[222],"product_tag":[],"class_list":{"0":"post-4397","1":"product","2":"type-product","3":"status-publish","4":"has-post-thumbnail","6":"product_cat-250ml-jar-acrylic-akrilik","8":"first","9":"instock","10":"shipping-taxable","11":"product-type-simple"},"jetpack_publicize_connections":[],"jetpack_sharing_enabled":true,"_links":{"self":[{"href":"https:\/\/kirmizielma.com\/index.php?rest_route=\/wp\/v2\/product\/4397","targetHints":{"allow":["GET"]}}],"collection":[{"href":"https:\/\/kirmizielma.com\/index.php?rest_route=\/wp\/v2\/product"}],"about":[{"href":"https:\/\/kirmizielma.com\/index.php?rest_route=\/wp\/v2\/types\/product"}],"wp:featuredmedia":[{"embeddable":true,"href":"https:\/\/kirmizielma.com\/index.php?rest_route=\/wp\/v2\/media\/4423"}],"wp:attachment":[{"href":"https:\/\/kirmizielma.com\/index.php?rest_route=%2Fwp%2Fv2%2Fmedia&parent=4397"}],"wp:term":[{"taxonomy":"product_cat","embeddable":true,"href":"https:\/\/kirmizielma.com\/index.php?rest_route=%2Fwp%2Fv2%2Fproduct_cat&post=4397"},{"taxonomy":"product_tag","embeddable":true,"href":"https:\/\/kirmizielma.com\/index.php?rest_route=%2Fwp%2Fv2%2Fproduct_tag&post=4397"}],"curies":[{"name":"wp","href":"https:\/\/api.w.org\/{rel}","templated":true}]}}