{"id":4457,"date":"2023-07-24T09:41:19","date_gmt":"2023-07-24T09:41:19","guid":{"rendered":"https:\/\/kirmizielma.com\/?post_type=product&#038;p=4457"},"modified":"2023-07-24T09:42:11","modified_gmt":"2023-07-24T09:42:11","slug":"rb50p-45-gumus-simli-boyutlu-boncuk-boyasi-50ml","status":"publish","type":"product","link":"https:\/\/kirmizielma.com\/?product=rb50p-45-gumus-simli-boyutlu-boncuk-boyasi-50ml","title":{"rendered":"RB50P-45 G\u00fcm\u00fc\u015f Simli Boyutlu Boncuk Boyas\u0131 50ml"},"content":{"rendered":"","protected":false},"excerpt":{"rendered":"","protected":false},"featured_media":4458,"template":"","meta":{"jetpack_publicize_message":"","jetpack_publicize_feature_enabled":true,"jetpack_social_post_already_shared":false,"jetpack_social_options":{"image_generator_settings":{"template":"highway","default_image_id":0,"font":"","enabled":false},"version":2}},"product_cat":[233],"product_tag":[],"class_list":{"0":"post-4457","1":"product","2":"type-product","3":"status-publish","4":"has-post-thumbnail","6":"product_cat-glitter-dimensional-3d-boyutlu-simli","8":"first","9":"instock","10":"shipping-taxable","11":"product-type-simple"},"jetpack_publicize_connections":[],"jetpack_sharing_enabled":true,"_links":{"self":[{"href":"https:\/\/kirmizielma.com\/index.php?rest_route=\/wp\/v2\/product\/4457","targetHints":{"allow":["GET"]}}],"collection":[{"href":"https:\/\/kirmizielma.com\/index.php?rest_route=\/wp\/v2\/product"}],"about":[{"href":"https:\/\/kirmizielma.com\/index.php?rest_route=\/wp\/v2\/types\/product"}],"wp:featuredmedia":[{"embeddable":true,"href":"https:\/\/kirmizielma.com\/index.php?rest_route=\/wp\/v2\/media\/4458"}],"wp:attachment":[{"href":"https:\/\/kirmizielma.com\/index.php?rest_route=%2Fwp%2Fv2%2Fmedia&parent=4457"}],"wp:term":[{"taxonomy":"product_cat","embeddable":true,"href":"https:\/\/kirmizielma.com\/index.php?rest_route=%2Fwp%2Fv2%2Fproduct_cat&post=4457"},{"taxonomy":"product_tag","embeddable":true,"href":"https:\/\/kirmizielma.com\/index.php?rest_route=%2Fwp%2Fv2%2Fproduct_tag&post=4457"}],"curies":[{"name":"wp","href":"https:\/\/api.w.org\/{rel}","templated":true}]}}