{"id":4880,"date":"2023-08-12T11:47:24","date_gmt":"2023-08-12T11:47:24","guid":{"rendered":"https:\/\/kirmizielma.com\/?post_type=product&#038;p=4880"},"modified":"2023-08-13T08:53:24","modified_gmt":"2023-08-13T08:53:24","slug":"ra70-12-red-apple-akrilik-boya-70ml-kirmizi-renk","status":"publish","type":"product","link":"https:\/\/kirmizielma.com\/?product=ra70-12-red-apple-akrilik-boya-70ml-kirmizi-renk","title":{"rendered":"RA70-12 Red  Apple  Akrilik Boya 70ml K\u0131rm\u0131z\u0131 Renk"},"content":{"rendered":"","protected":false},"excerpt":{"rendered":"","protected":false},"featured_media":4117,"template":"","meta":{"jetpack_publicize_message":"","jetpack_publicize_feature_enabled":true,"jetpack_social_post_already_shared":false,"jetpack_social_options":{"image_generator_settings":{"template":"highway","default_image_id":0,"font":"","enabled":false},"version":2}},"product_cat":[225],"product_tag":[],"class_list":{"0":"post-4880","1":"product","2":"type-product","3":"status-publish","4":"has-post-thumbnail","6":"product_cat-70ml-sets-acrylic-akrilik","8":"first","9":"instock","10":"shipping-taxable","11":"product-type-simple"},"jetpack_publicize_connections":[],"jetpack_sharing_enabled":true,"_links":{"self":[{"href":"https:\/\/kirmizielma.com\/index.php?rest_route=\/wp\/v2\/product\/4880","targetHints":{"allow":["GET"]}}],"collection":[{"href":"https:\/\/kirmizielma.com\/index.php?rest_route=\/wp\/v2\/product"}],"about":[{"href":"https:\/\/kirmizielma.com\/index.php?rest_route=\/wp\/v2\/types\/product"}],"wp:featuredmedia":[{"embeddable":true,"href":"https:\/\/kirmizielma.com\/index.php?rest_route=\/wp\/v2\/media\/4117"}],"wp:attachment":[{"href":"https:\/\/kirmizielma.com\/index.php?rest_route=%2Fwp%2Fv2%2Fmedia&parent=4880"}],"wp:term":[{"taxonomy":"product_cat","embeddable":true,"href":"https:\/\/kirmizielma.com\/index.php?rest_route=%2Fwp%2Fv2%2Fproduct_cat&post=4880"},{"taxonomy":"product_tag","embeddable":true,"href":"https:\/\/kirmizielma.com\/index.php?rest_route=%2Fwp%2Fv2%2Fproduct_tag&post=4880"}],"curies":[{"name":"wp","href":"https:\/\/api.w.org\/{rel}","templated":true}]}}