{"id":4993,"date":"2023-08-15T13:34:01","date_gmt":"2023-08-15T13:34:01","guid":{"rendered":"https:\/\/kirmizielma.com\/?post_type=product&#038;p=4993"},"modified":"2023-08-15T13:35:19","modified_gmt":"2023-08-15T13:35:19","slug":"rcrft-1-dortgen-fotograf-cercevesi","status":"publish","type":"product","link":"https:\/\/kirmizielma.com\/?product=rcrft-1-dortgen-fotograf-cercevesi","title":{"rendered":"RCRFT-1  D\u00f6rtgen Fotograf  \u00c7er\u00e7evesi"},"content":{"rendered":"","protected":false},"excerpt":{"rendered":"","protected":false},"featured_media":4995,"template":"","meta":{"jetpack_publicize_message":"","jetpack_publicize_feature_enabled":true,"jetpack_social_post_already_shared":false,"jetpack_social_options":{"image_generator_settings":{"template":"highway","default_image_id":0,"font":"","enabled":false},"version":2}},"product_cat":[215],"product_tag":[],"class_list":{"0":"post-4993","1":"product","2":"type-product","3":"status-publish","4":"has-post-thumbnail","6":"product_cat-craft-paint-wood","8":"first","9":"instock","10":"shipping-taxable","11":"product-type-simple"},"jetpack_publicize_connections":[],"jetpack_sharing_enabled":true,"_links":{"self":[{"href":"https:\/\/kirmizielma.com\/index.php?rest_route=\/wp\/v2\/product\/4993","targetHints":{"allow":["GET"]}}],"collection":[{"href":"https:\/\/kirmizielma.com\/index.php?rest_route=\/wp\/v2\/product"}],"about":[{"href":"https:\/\/kirmizielma.com\/index.php?rest_route=\/wp\/v2\/types\/product"}],"wp:featuredmedia":[{"embeddable":true,"href":"https:\/\/kirmizielma.com\/index.php?rest_route=\/wp\/v2\/media\/4995"}],"wp:attachment":[{"href":"https:\/\/kirmizielma.com\/index.php?rest_route=%2Fwp%2Fv2%2Fmedia&parent=4993"}],"wp:term":[{"taxonomy":"product_cat","embeddable":true,"href":"https:\/\/kirmizielma.com\/index.php?rest_route=%2Fwp%2Fv2%2Fproduct_cat&post=4993"},{"taxonomy":"product_tag","embeddable":true,"href":"https:\/\/kirmizielma.com\/index.php?rest_route=%2Fwp%2Fv2%2Fproduct_tag&post=4993"}],"curies":[{"name":"wp","href":"https:\/\/api.w.org\/{rel}","templated":true}]}}